{"id":3,"date":"2026-01-25T11:32:46","date_gmt":"2026-01-25T11:32:46","guid":{"rendered":"https:\/\/hannahplettenberg.com\/?page_id=3"},"modified":"2026-02-06T16:47:56","modified_gmt":"2026-02-06T16:47:56","slug":"privacy-policy","status":"publish","type":"page","link":"https:\/\/hannahplettenberg.com\/en\/privacy-policy\/","title":{"rendered":"Privacy Policy"},"content":{"rendered":"<h2 class=\"wp-block-heading\">\u2013\u2013\u2013\u2013\u2013\u2013\u2013\u2013\u2013\u2013\u2013\u2013\u2013\u2013\u2013\u2013\u2013\u2013\u2013\u2013<br>Datenschutzerkl\u00e4rung<br>\u2013\u2013\u2013\u2013\u2013\u2013\u2013\u2013\u2013\u2013\u2013\u2013\u2013\u2013\u2013\u2013\u2013\u2013\u2013\u2013<\/h2>\n\n\n\n<p>1) Einleitung und Kontaktdaten des Verantwortlichen<br>1.1 Wir freuen uns, dass du unsere Website besuchst und bedanken uns f\u00fcr dein Interesse. Im Folgenden informieren wir dich \u00fcber den Umgang mit deinen personenbezogenen Daten bei der Nutzung unserer Website. Personenbezogene Daten sind hierbei alle Daten, mit denen du pers\u00f6nlich identifiziert werden kannst.<br>1.2 Verantwortlicher f\u00fcr die Datenverarbeitung auf dieser Website im Sinne der Datenschutz-Grundverordnung (DSGVO) ist Hannah Plettenberg, Finkh\u00fctte 2b, 21493 Schwarzenbek, Deutschland, Tel.: +4917623217671, E-Mail: hannah@plettenberg.org. Der f\u00fcr die Verarbeitung von personenbezogenen Daten Verantwortliche ist diejenige nat\u00fcrliche oder juristische Person, die allein oder gemeinsam mit anderen \u00fcber die Zwecke und Mittel der Verarbeitung von personenbezogenen Daten entscheidet.<\/p>\n\n\n\n<p>2) Datenerfassung beim Besuch unserer Website<br>2.1 Bei der blo\u00df informatorischen Nutzung unserer Website, also wenn du dich nicht registrierst oder uns anderweitig Informationen \u00fcbermittelst, erheben wir nur solche Daten, die dein Browser an den Seitenserver \u00fcbermittelt (sog. \u201eServer-Logfiles\u201c). Wenn du unsere Website aufrufst, erheben wir die folgenden Daten, die f\u00fcr uns technisch erforderlich sind, um dir die Website anzuzeigen:<\/p>\n\n\n\n<ul class=\"wp-block-list\">\n<li>Unsere besuchte Website<\/li>\n\n\n\n<li>Datum und Uhrzeit zum Zeitpunkt des Zugriffs<\/li>\n\n\n\n<li>Menge der gesendeten Daten in Byte<\/li>\n\n\n\n<li>Quelle\/Verweis, von welchem du auf die Seite gelangtest<\/li>\n\n\n\n<li>Verwendeter Browser<\/li>\n\n\n\n<li>Verwendetes Betriebssystem<\/li>\n\n\n\n<li>Verwendete IP-Adresse (ggf.: in anonymisierter Form)<br>Die Verarbeitung erfolgt gem\u00e4\u00df Art. 6 Abs. 1 lit. f DSGVO auf Basis unseres berechtigten Interesses an der Verbesserung der Stabilit\u00e4t und Funktionalit\u00e4t unserer Website. Eine Weitergabe oder anderweitige Verwendung der Daten findet nicht statt. Wir behalten uns allerdings vor, die Server-Logfiles nachtr\u00e4glich zu \u00fcberpr\u00fcfen, sollten konkrete Anhaltspunkte auf eine rechtswidrige Nutzung hinweisen.<br>2.2 Diese Website nutzt aus Sicherheitsgr\u00fcnden und zum Schutz der \u00dcbertragung personenbezogener Daten und anderer vertraulicher Inhalte (z.B. Bestellungen oder Anfragen an uns) eine SSL-bzw. TLS-Verschl\u00fcsselung. Du kannst eine verschl\u00fcsselte Verbindung an der Zeichenfolge \u201ehttps:\/\/\u201c und dem Schloss-Symbol in deiner Browserzeile erkennen.<\/li>\n<\/ul>\n\n\n\n<p>3) Kontaktaufnahme<br>3.1 Calendly<br>F\u00fcr die Bereitstellung einer Online-Terminbuchungsfunktion nutzen wir die Dienste des folgenden Anbieters: Calendly, LLC, BB&amp;T Tower, 271 17th St NW, Atlanta, GA 30363, USA.<br>Zum Zwecke der Terminvergabe werden gem\u00e4\u00df Art. 6 Abs. 1 lit. b DSGVO Vor- und Zuname sowie Mailadresse (und ggf. die Telefonnummer, sofern ein telefonischer Termin gew\u00fcnscht ist) erhoben und gem\u00e4\u00df Art. 6 Abs. 1 lit. f DSGVO auf Basis unseres berechtigten Interesses an einem effektiven Kundenmanagement und einer effizienten Terminverwaltung an den Anbieter \u00fcbermittelt und dort f\u00fcr die Terminorganisation gespeichert.<br>Nach Abhaltung des Termins bzw. nach Ablauf des vereinbarten Terminzeitraums werden deine Daten vom Anbieter gel\u00f6scht.<br>Wir haben mit dem Anbieter einen Auftragsverarbeitungsvertrag geschlossen, der den Schutz der Daten unserer Seitenbesucher sicherstellt und eine unberechtigte Weitergabe an Dritte untersagt.<br>F\u00fcr Daten\u00fcbermittlungen in die USA hat sich der Anbieter dem EU-US-Datenschutzrahmen (EU-US Data Privacy Framework) angeschlossen, das auf Basis eines Angemessenheitsbeschlusses der Europ\u00e4ischen Kommission die Einhaltung des europ\u00e4ischen Datenschutzniveaus sicherstellt.<br>3.2 WhatsApp-Business<br>Wir bieten dir die M\u00f6glichkeit, mit uns \u00fcber den Nachrichtendienst WhatsApp der WhatsApp Ireland Limited, 4 Grand Canal Square, Grand Canal Harbour, Dublin 2, Irland, in Kontakt zu treten. Hierf\u00fcr verwenden wir die sog. \u201eBusiness-Version\u201c von WhatsApp.<br>Sofern du uns anl\u00e4sslich eines konkreten Gesch\u00e4fts (beispielsweise einer get\u00e4tigten Bestellung) per WhatsApp kontaktierst, speichern und verwenden wir die von dir bei WhatsApp genutzte Mobilfunknummer sowie \u2013 falls bereitgestellt \u2013 deinen Vor- und Nachnamen gem\u00e4\u00df Art. 6 Abs. 1 lit. b. DSGVO zur Bearbeitung und Beantwortung deines Anliegens. Auf Basis derselben Rechtsgrundlage werden wir dich per WhatsApp gegebenenfalls um die Bereitstellung weiterer Daten (Bestellnummer, Kundennummer, Anschrift oder E-Mailadresse) bitten, um deine Anfrage einem bestimmten Vorgang zuordnen zu k\u00f6nnen.<br>Nutzt Du unseren WhatsApp-Kontakt f\u00fcr allgemeine Anfragen (etwa zum Leistungsspektrum, zu Verf\u00fcgbarkeiten oder zu unserem Internetauftritt) speichern und verwenden wir die von dir bei WhatsApp genutzte Mobilfunknummer sowie \u2013 falls bereitgestellt \u2013 deinen Vor- und Nachnamen gem\u00e4\u00df Art. 6 Abs. 1 lit. f DSGVO auf Basis unseres berechtigten Interesses an der effizienten und zeitnahen Bereitstellung der gew\u00fcnschten Informationen.<br>Deine Daten werden stets nur zur Beantwortung deines Anliegens per WhatsApp verwendet. Eine Weitergabe an Dritte findet nicht statt.<br>Bitte beachte, dass WhatsApp Business Zugriff auf das Adressbuch des von uns hierf\u00fcr verwendeten mobilen Endger\u00e4ts erh\u00e4lt und im Adressbuch gespeicherte Telefonnummern automatisch an einen Server des Mutterkonzerns Meta Platforms Inc. in den USA \u00fcbertr\u00e4gt. F\u00fcr den Betrieb unseres WhatsApp-Business-Kontos verwenden wir ein mobiles Endger\u00e4t, in dessen Adressbuch ausschlie\u00dflich die WhatsApp-Kontaktdaten solcher Nutzer gespeichert werden, die mit uns per WhatsApp auch in Kontakt getreten sind.<br>Hierdurch wird sichergestellt, dass jede Person, deren WhatsApp-Kontaktdaten in unserem Adressbuch gespeichert sind, bereits bei erstmaliger Nutzung der App auf seinem Ger\u00e4t durch Akzeptanz der WhatsApp-Nutzungsbedingungen in die \u00dcbermittlung seiner WhatsApp-Telefonnummer aus den Adressb\u00fcchern seiner Chat-Kontakte gem\u00e4\u00df Art. 6 Abs. 1 lit. a DSGVO eingewilligt hat. Eine \u00dcbermittlung von Daten solcher Nutzer, die WhatsApp nicht verwenden und\/oder uns nicht \u00fcber WhatsApp kontaktiert haben, wird insofern ausgeschlossen.<br>Zweck und Umfang der Datenerhebung und die weitere Verarbeitung und Nutzung der Daten durch WhatsApp sowie deine diesbez\u00fcglichen Rechte und Einstellungsm\u00f6glichkeiten zum Schutz deiner Privatsph\u00e4re entnimmst Du bitte den Datenschutzhinweisen von WhatsApp: https:\/\/www.whatsapp.com\/legal\/?eea=1#privacy-policy<br>Im Rahmen der oben genannten Verarbeitungen kann es zu Daten\u00fcbertragungen an Server von Meta Platforms Inc. in den USA kommen.<br>F\u00fcr Daten\u00fcbermittlungen in die USA hat sich der Anbieter dem EU-US-Datenschutzrahmen (EU-US Data Privacy Framework) angeschlossen, das auf Basis eines Angemessenheitsbeschlusses der Europ\u00e4ischen Kommission die Einhaltung des europ\u00e4ischen Datenschutzniveaus sicherstellt.<br>3.3 Im Rahmen der Kontaktaufnahme mit uns (z.B. per Kontaktformular oder E-Mail) werden personenbezogene Daten erhoben. Welche Daten im Falle der Nutzung eines Kontaktformulars erhoben werden, ist aus dem jeweiligen Kontaktformular ersichtlich. Diese Daten werden ausschlie\u00dflich zum Zweck der Beantwortung deines Anliegens bzw. f\u00fcr die Kontaktaufnahme und die damit verbundene technische Administration gespeichert und verwendet.<br>Rechtsgrundlage f\u00fcr die Verarbeitung dieser Daten ist unser berechtigtes Interesse an der Beantwortung deines Anliegens gem\u00e4\u00df Art. 6 Abs. 1 lit. f DSGVO. Zielt deine Kontaktierung auf den Abschluss eines Vertrages ab, so ist zus\u00e4tzliche Rechtsgrundlage f\u00fcr die Verarbeitung Art. 6 Abs. 1 lit. b DSGVO. Deine Daten werden nach abschlie\u00dfender Bearbeitung deiner Anfrage gel\u00f6scht. Dies ist der Fall, wenn sich aus den Umst\u00e4nden entnehmen l\u00e4sst, dass der betroffene Sachverhalt abschlie\u00dfend gekl\u00e4rt ist und sofern keine gesetzlichen Aufbewahrungspflichten entgegenstehen.<\/p>\n\n\n\n<p>4) Nutzung von Kundendaten zur Direktwerbung<br>4.1 Anmeldung zu unserem E-Mail-Newsletter<br>Wenn du dich zu unserem E-Mail Newsletter anmeldest, \u00fcbersenden wir dir regelm\u00e4\u00dfig Informationen zu unseren Angeboten. Pflichtangabe f\u00fcr die \u00dcbersendung des Newsletters ist allein deine E-Mailadresse. Die Angabe weiterer Daten ist freiwillig und wird verwendet, um dich pers\u00f6nlich ansprechen zu k\u00f6nnen. F\u00fcr den Versand des Newsletters verwenden wir das sog. Double Opt-in Verfahren. Dies bedeutet, dass wir dir erst dann einen E-Mail Newsletter \u00fcbermitteln werden, wenn du uns ausdr\u00fccklich best\u00e4tigt hast, dass du in den Empfang von Newsletter einwilligst. Wir schicken dir dann eine Best\u00e4tigungs-E-Mail, mit der du gebeten wirst, durch Anklicken eines entsprechenden Links zu best\u00e4tigen, dass du k\u00fcnftig den Newsletter erhalten willst.<br>Mit der Aktivierung des Best\u00e4tigungslinks erteilst du uns deine Einwilligung f\u00fcr die Nutzung deiner personenbezogenen Daten gem\u00e4\u00df Art. 6 Abs. 1 lit. a DSGVO. Bei der Anmeldung zum Newsletter speichern wir deine vom Internet Service-Provider (ISP) eingetragene IP-Adresse sowie das Datum und die Uhrzeit der Anmeldung, um einen m\u00f6glichen Missbrauch deiner E-Mail-Adresse zu einem sp\u00e4teren Zeitpunkt nachvollziehen zu k\u00f6nnen. Die von uns bei der Anmeldung zum Newsletter erhobenen Daten werden ausschlie\u00dflich f\u00fcr Zwecke der werblichen Ansprache im Wege des Newsletters benutzt. Du kannst den Newsletter jederzeit \u00fcber den daf\u00fcr vorgesehenen Link im Newsletter oder durch entsprechende Nachricht an den eingangs genannten Verantwortlichen abbestellen. Nach erfolgter Abmeldung wird deine E-Mailadresse unverz\u00fcglich in unserem Newsletter-Verteiler gel\u00f6scht, soweit du nicht ausdr\u00fccklich in eine weitere Nutzung deiner Daten eingewilligt hast oder wir uns eine dar\u00fcberhinausgehende Datenverwendung vorbehalten, die gesetzlich erlaubt ist und \u00fcber die wir dich in dieser Erkl\u00e4rung informieren.<br>4.2 Brevo<br>Der Versand unserer E-Mail-Newsletter und sonstiger werblicher E-Mail-Kommunikation erfolgt \u00fcber diesen Anbieter: Sendinblue GmbH, K\u00f6penicker Str. 126, 10179 Berlin, Deutschland.<br>Auf Basis unseres berechtigten Interesses an einem effektiven und nutzerfreundlichen E-Mail-Marketing geben wir die bei deiner Anmeldung bereitgestellten Daten gem. Art. 6 Abs. 1 lit. f DSGVO an diesen Anbieter weiter, damit dieser den Mailversand in unserem Auftrag \u00fcbernimmt.<br>Vorbehaltlich deiner ausdr\u00fccklichen Einwilligung gem. Art. 6 Abs. 1 lit. a DSGVO f\u00fchrt der Anbieter dar\u00fcber hinaus eine statistische Erfolgsauswertung von Mail-Kampagnen mittels Web Beacons bzw. Z\u00e4hlpixel in den versendeten E-Mails durch, die \u00d6ffnungsraten und spezifische Interaktionen mit den Inhalten des Newsletters messen k\u00f6nnen. Dabei werden auch Endger\u00e4teinformationen (z.B. Zeitpunkt des Aufrufs, IP-Adresse, Browsertyp und Betriebssystem) erhoben und ausgewertet, aber nicht mit anderen Datenbest\u00e4nden zusammengef\u00fchrt.<br>Deine Einwilligung zum Mail-Tracking kannst du jederzeit mit Wirkung f\u00fcr die Zukunft widerrufen.<br>Wir haben mit dem Anbieter einen Auftragsverarbeitungsvertrag geschlossen, der die Daten unserer Seitenbesucher sch\u00fctzt und eine Weitergabe an Dritte untersagt.<\/p>\n\n\n\n<p>5) Seitenfunktionalit\u00e4ten<br>Cloudflare Turnstile<br>Auf dieser Website verwenden wir den CAPTCHA-Dienst des folgenden Anbieters: Cloudflare, Inc., 101 Townsend St. San Francisco, CA 94107, USA<br>Der Dienst pr\u00fcft, ob eine Eingabe durch eine nat\u00fcrliche Person oder missbr\u00e4uchlich durch maschinelle und automatisierte Verarbeitung erfolgt, und blockiert Spam, DDoS-Attacken sowie \u00e4hnliche automatisierte Schadzugriffe. Um sicherzustellen, dass eine Handlung von einem Menschen und nicht von einem automatisierten Bot vorgenommen wird, erhebt Cloudflare Turnstile die IP-Adresse des verwendeten Endger\u00e4ts, Erkennungsdaten des verwendeten Browser- und Betriebssystem-Typs sowie Datum und Dauer des Besuchs und \u00fcbermittelt diese zur Auswertung an Server des Anbieters.<br>Rechtsgrundlage ist unser berechtigtes Interesse an der Feststellung der individuellen Eigenverantwortung im Internet und der Vermeidung von Missbrauch und Spam gem\u00e4\u00df Art. 6 Abs. 1 lit. f DSGVO.<br>Wir haben mit dem Anbieter einen Auftragsverarbeitungsvertrag abgeschlossen, der den Schutz der Daten unserer Seitenbesucher sicherstellt und eine unberechtigte Weitergabe an Dritte untersagt.<br>F\u00fcr Daten\u00fcbermittlungen in die USA hat sich der Anbieter dem EU-US-Datenschutzrahmen (EU-US Data Privacy Framework) angeschlossen, das auf Basis eines Angemessenheitsbeschlusses der Europ\u00e4ischen Kommission die Einhaltung des europ\u00e4ischen Datenschutzniveaus sicherstellt.<\/p>\n\n\n\n<p>6) Rechte des Betroffenen<br>6.1 Das geltende Datenschutzrecht gew\u00e4hrt dir gegen\u00fcber uns als Verantwortlichen hinsichtlich der Verarbeitung deiner personenbezogenen Daten die nachstehenden Betroffenenrechte (Auskunfts- und Interventionsrechte), wobei f\u00fcr die jeweiligen Aus\u00fcbungsvoraussetzungen auf die angef\u00fchrte Rechtsgrundlage verwiesen wird:<\/p>\n\n\n\n<ul class=\"wp-block-list\">\n<li>Auskunftsrecht gem\u00e4\u00df Art. 15 DSGVO;<\/li>\n\n\n\n<li>Recht auf Berichtigung gem\u00e4\u00df Art. 16 DSGVO;<\/li>\n\n\n\n<li>Recht auf L\u00f6schung gem\u00e4\u00df Art. 17 DSGVO;<\/li>\n\n\n\n<li>Recht auf Einschr\u00e4nkung der Verarbeitung gem\u00e4\u00df Art. 18 DSGVO;<\/li>\n\n\n\n<li>Recht auf Unterrichtung gem\u00e4\u00df Art. 19 DSGVO;<\/li>\n\n\n\n<li>Recht auf Daten\u00fcbertragbarkeit gem\u00e4\u00df Art. 20 DSGVO;<\/li>\n\n\n\n<li>Recht auf Widerruf erteilter Einwilligungen gem\u00e4\u00df Art. 7 Abs. 3 DSGVO;<\/li>\n\n\n\n<li>Recht auf Beschwerde gem\u00e4\u00df Art. 77 DSGVO.<br>6.2 WIDERSPRUCHSRECHT<br>WENN WIR IM RAHMEN EINER INTERESSENABW\u00c4GUNG DEINE PERSONENBEZOGENEN DATEN AUFGRUND UNSERES \u00dcBERWIEGENDEN BERECHTIGTEN INTERESSES VERARBEITEN, HAST DU DAS JEDERZEITIGE RECHT, AUS GR\u00dcNDEN, DIE SICH AUS DEINER BESONDEREN SITUATION ERGEBEN, GEGEN DIESE VERARBEITUNG WIDERSPRUCH MIT WIRKUNG F\u00dcR DIE ZUKUNFT EINZULEGEN.<br>MACHST DU VON DEINEM WIDERSPRUCHSRECHT GEBRAUCH, BEENDEN WIR DIE VERARBEITUNG DER BETROFFENEN DATEN. EINE WEITERVERARBEITUNG BLEIBT ABER VORBEHALTEN, WENN WIR ZWINGENDE SCHUTZW\u00dcRDIGE GR\u00dcNDE F\u00dcR DIE VERARBEITUNG NACHWEISEN K\u00d6NNEN, DIE DEINE INTERESSEN, GRUNDRECHTE UND GRUNDFREIHEITEN \u00dcBERWIEGEN, ODER WENN DIE VERARBEITUNG DER GELTENDMACHUNG, AUS\u00dcBUNG ODER VERTEIDIGUNG VON RECHTSANSPR\u00dcCHEN DIENT.<br>WERDEN DEINE PERSONENBEZOGENEN DATEN VON UNS VERARBEITET, UM DIREKTWERBUNG ZU BETREIBEN, HAST DU DAS RECHT, JEDERZEIT WIDERSPRUCH GEGEN DIE VERARBEITUNG DIR BETREFFENDER PERSONENBEZOGENER DATEN ZUM ZWECKE DERARTIGER WERBUNG EINZULEGEN. DU KANNST DEN WIDERSPRUCH WIE OBEN BESCHRIEBEN AUS\u00dcBEN.<br>MACHST DU VON DEINEM WIDERSPRUCHSRECHT GEBRAUCH, BEENDEN WIR DIE VERARBEITUNG DER BETROFFENEN DATEN ZU DIREKTWERBEZWECKEN.<\/li>\n<\/ul>\n\n\n\n<p>7) Dauer der Speicherung personenbezogener Daten<br>Die Dauer der Speicherung von personenbezogenen Daten bemisst sich anhand der jeweiligen Rechtsgrundlage, am Verarbeitungszweck und \u2013 sofern einschl\u00e4gig \u2013 zus\u00e4tzlich anhand der jeweiligen gesetzlichen Aufbewahrungsfrist (z.B. handels- und steuerrechtliche Aufbewahrungsfristen).<br>Bei der Verarbeitung von personenbezogenen Daten auf Grundlage einer ausdr\u00fccklichen Einwilligung gem\u00e4\u00df Art. 6 Abs. 1 lit. a DSGVO werden die betroffenen Daten so lange gespeichert, bis du deine Einwilligung widerrufst.<br>Existieren gesetzliche Aufbewahrungsfristen f\u00fcr Daten, die im Rahmen rechtsgesch\u00e4ftlicher bzw. rechtsgesch\u00e4fts\u00e4hnlicher Verpflichtungen auf der Grundlage von Art. 6 Abs. 1 lit. b DSGVO verarbeitet werden, werden diese Daten nach Ablauf der Aufbewahrungsfristen routinem\u00e4\u00dfig gel\u00f6scht, sofern sie nicht mehr zur Vertragserf\u00fcllung oder Vertragsanbahnung erforderlich sind und\/oder unsererseits kein berechtigtes Interesse an der Weiterspeicherung fortbesteht.<br>Bei der Verarbeitung von personenbezogenen Daten auf Grundlage von Art. 6 Abs. 1 lit. f DSGVO werden diese Daten so lange gespeichert, bis du dein Widerspruchsrecht nach Art. 21 Abs. 1 DSGVO aus\u00fcbst, es sei denn, wir k\u00f6nnen zwingende schutzw\u00fcrdige Gr\u00fcnde f\u00fcr die Verarbeitung nachweisen, die deine Interessen, Rechte und Freiheiten \u00fcberwiegen, oder die Verarbeitung dient der Geltendmachung, Aus\u00fcbung oder Verteidigung von Rechtsanspr\u00fcchen.<br>Bei der Verarbeitung von personenbezogenen Daten zum Zwecke der Direktwerbung auf Grundlage von Art. 6 Abs. 1 lit. f DSGVO werden diese Daten so lange gespeichert, bis du dein Widerspruchsrecht nach Art. 21 Abs. 2 DSGVO aus\u00fcbst.<br>Sofern sich aus den sonstigen Informationen dieser Erkl\u00e4rung \u00fcber spezifische Verarbeitungssituationen nichts anderes ergibt, werden gespeicherte personenbezogene Daten im \u00dcbrigen dann gel\u00f6scht, wenn sie f\u00fcr die Zwecke, f\u00fcr die sie erhoben oder auf sonstige Weise verarbeitet wurden, nicht mehr notwendig sind.<\/p>\n\n\n\n<p>Copyright-Hinweis: Diese Datenschutzerkl\u00e4rung wurde von den Fachanw\u00e4lten der IT-Recht Kanzlei erstellt und ist urheberrechtlich gesch\u00fctzt (https:\/\/www.it-recht-kanzlei.de)<\/p>\n\n\n\n<p>Stand: 06.02.2026, 17:43:24<\/p>","protected":false},"excerpt":{"rendered":"<p>\u2013\u2013\u2013\u2013\u2013\u2013\u2013\u2013\u2013\u2013\u2013\u2013\u2013\u2013\u2013\u2013\u2013\u2013\u2013\u2013Datenschutzerkl\u00e4rung\u2013\u2013\u2013\u2013\u2013\u2013\u2013\u2013\u2013\u2013\u2013\u2013\u2013\u2013\u2013\u2013\u2013\u2013\u2013\u2013 1) Einleitung und Kontaktdaten des Verantwortlichen1.1 Wir freuen uns, dass du unsere Website besuchst und bedanken uns f\u00fcr dein Interesse. Im Folgenden informieren wir dich \u00fcber den Umgang mit deinen personenbezogenen Daten bei der Nutzung unserer Website. Personenbezogene Daten sind hierbei alle Daten, mit denen du pers\u00f6nlich identifiziert werden kannst.1.2 Verantwortlicher f\u00fcr die Datenverarbeitung [&hellip;]<\/p>\n","protected":false},"author":1,"featured_media":0,"parent":0,"menu_order":0,"comment_status":"closed","ping_status":"open","template":"","meta":{"footnotes":""},"class_list":["post-3","page","type-page","status-publish","hentry"],"aioseo_notices":[],"_links":{"self":[{"href":"https:\/\/hannahplettenberg.com\/en\/wp-json\/wp\/v2\/pages\/3","targetHints":{"allow":["GET"]}}],"collection":[{"href":"https:\/\/hannahplettenberg.com\/en\/wp-json\/wp\/v2\/pages"}],"about":[{"href":"https:\/\/hannahplettenberg.com\/en\/wp-json\/wp\/v2\/types\/page"}],"author":[{"embeddable":true,"href":"https:\/\/hannahplettenberg.com\/en\/wp-json\/wp\/v2\/users\/1"}],"replies":[{"embeddable":true,"href":"https:\/\/hannahplettenberg.com\/en\/wp-json\/wp\/v2\/comments?post=3"}],"version-history":[{"count":1,"href":"https:\/\/hannahplettenberg.com\/en\/wp-json\/wp\/v2\/pages\/3\/revisions"}],"predecessor-version":[{"id":206,"href":"https:\/\/hannahplettenberg.com\/en\/wp-json\/wp\/v2\/pages\/3\/revisions\/206"}],"wp:attachment":[{"href":"https:\/\/hannahplettenberg.com\/en\/wp-json\/wp\/v2\/media?parent=3"}],"curies":[{"name":"wp","href":"https:\/\/api.w.org\/{rel}","templated":true}]}}